{"id":1650,"date":"2024-05-17T11:52:28","date_gmt":"2024-05-17T11:52:28","guid":{"rendered":"https:\/\/roletypoziome.pl\/?post_type=product&amp;p=1650"},"modified":"2024-05-17T11:52:28","modified_gmt":"2024-05-17T11:52:28","slug":"zaslony-tarasowe-na-wymiar-premium","status":"publish","type":"product","link":"https:\/\/roletytarasowe.pl\/en\/product\/zaslony-tarasowe-na-wymiar-premium\/","title":{"rendered":"Zas\u0142ony tarasowe na wymiar premium"},"content":{"rendered":"<p>[et_pb_section fb_built=&#8221;1&#8243; _builder_version=&#8221;4.16&#8243; custom_padding=&#8221;0px||||false|false&#8221; global_colors_info=&#8221;{}&#8221;][et_pb_row column_structure=&#8221;1_2,1_2&#8243; _builder_version=&#8221;4.16&#8243; background_size=&#8221;initial&#8221; background_position=&#8221;top_left&#8221; background_repeat=&#8221;repeat&#8221; width=&#8221;100%&#8221; custom_padding=&#8221;0px||||false|false&#8221; global_colors_info=&#8221;{}&#8221;][et_pb_column type=&#8221;1_2&#8243; _builder_version=&#8221;4.16&#8243; custom_padding=&#8221;|||&#8221; global_colors_info=&#8221;{}&#8221; custom_padding__hover=&#8221;|||&#8221;][et_pb_wc_images _builder_version=&#8221;4.16&#8243; global_colors_info=&#8221;{}&#8221;][\/et_pb_wc_images][\/et_pb_column][et_pb_column type=&#8221;1_2&#8243; _builder_version=&#8221;4.16&#8243; custom_padding=&#8221;|||&#8221; global_colors_info=&#8221;{}&#8221; custom_padding__hover=&#8221;|||&#8221;][et_pb_wc_title _builder_version=&#8221;4.16&#8243; header_font=&#8221;Prata||||||||&#8221; header_text_color=&#8221;#000000&#8243; header_font_size=&#8221;38px&#8221; global_colors_info=&#8221;{}&#8221;][\/et_pb_wc_title][et_pb_wc_description _builder_version=&#8221;4.16&#8243; body_font=&#8221;Poppins||||||||&#8221; body_text_color=&#8221;rgba(0,0,0,0.84)&#8221; global_colors_info=&#8221;{}&#8221;][\/et_pb_wc_description][et_pb_image src=&#8221;https:\/\/roletypoziome.pl\/wp-content\/uploads\/2023\/06\/kolory-tkanina-premium.jpg&#8221; title_text=&#8221;kolory-tkanina-premium&#8221; _builder_version=&#8221;4.27.2&#8243; _module_preset=&#8221;default&#8221; global_colors_info=&#8221;{}&#8221;][\/et_pb_image][et_pb_wc_add_to_cart _builder_version=&#8221;4.16&#8243; global_colors_info=&#8221;{}&#8221;][\/et_pb_wc_add_to_cart][et_pb_wc_meta _builder_version=&#8221;4.16&#8243; global_colors_info=&#8221;{}&#8221;][\/et_pb_wc_meta][\/et_pb_column][\/et_pb_row][et_pb_row _builder_version=&#8221;4.16&#8243; background_size=&#8221;initial&#8221; background_position=&#8221;top_left&#8221; background_repeat=&#8221;repeat&#8221; width=&#8221;100%&#8221; global_colors_info=&#8221;{}&#8221;][et_pb_column type=&#8221;4_4&#8243; _builder_version=&#8221;4.16&#8243; custom_padding=&#8221;|||&#8221; global_colors_info=&#8221;{}&#8221; custom_padding__hover=&#8221;|||&#8221;][et_pb_wc_tabs _builder_version=&#8221;4.16&#8243; global_colors_info=&#8221;{}&#8221;]\t\t\t\t\t[\/et_pb_wc_tabs][et_pb_wc_upsells _builder_version=&#8221;4.16&#8243; global_colors_info=&#8221;{}&#8221;][\/et_pb_wc_upsells][et_pb_wc_related_products _builder_version=&#8221;4.16&#8243; global_colors_info=&#8221;{}&#8221;][\/et_pb_wc_related_products][\/et_pb_column][\/et_pb_row][\/et_pb_section]<\/p>","protected":false},"excerpt":{"rendered":"<p class=\"p1\"><b>Zas\u0142ona tarasowa ogrodowa premium na wymiar<\/b><\/p>\n<ul class=\"ul1\">\n<li class=\"li1\">They protect against UV sun rays<\/li>\n<li class=\"li1\">They protect against rain <span class=\"Apple-converted-space\">\u00a0<\/span><\/li>\n<li>Wodoodporne<\/li>\n<li class=\"li1\">The curtains give a pleasant feeling of coolness,<\/li>\n<li class=\"li1\">Dzi\u0119ki funkcj\u0119 zwijania i rozwijania pozwalaj\u0105 dostosowa\u0107 si\u0119 do sytuacji pogodowej<\/li>\n<li class=\"li1\">They are a stylish decorative and decorative element of any gazebo or pergola terrace<span class=\"Apple-converted-space\">\u00a0<\/span><\/li>\n<li class=\"li1\">The fabric is characterized by a very high resistance to abrasions, abrasions and stretching. It is perfect where lightness is needed in combination with resistance to water and mechanical damage.<\/li>\n<\/ul>","protected":false},"featured_media":1430,"template":"","meta":{"_et_pb_use_builder":"on","_et_pb_old_content":"<ul class=\"ul1\">\n \t<li class=\"li1\">\n<p class=\"p1\"><b>Zas\u0142ona tarasowa ogrodowa premium na wymiar<\/b><\/p>\n\n<ul class=\"ul1\">\n \t<li class=\"li1\">Chroni\u0105 przed promieniami s\u0142onecznymi UV<\/li>\n \t<li class=\"li1\">Chroni\u0105 przed deszczem<\/li>\n \t<li>Wodoodporne<\/li>\n \t<li class=\"li1\">Zas\u0142ony daj\u0105 uczucie przyjemnego ch\u0142odu,<\/li>\n \t<li class=\"li1\">Dzi\u0119ki funkcj\u0119 zwijania i rozwijania pozwalaj\u0105 dostosowa\u0107 si\u0119 do sytuacji pogodowej<\/li>\n \t<li class=\"li1\">Stanowi\u0105 stylowy akcent dekoracyjny i ozdobny ka\u017cdego tarasu altany czy pergoli<\/li>\n \t<li class=\"li1\">Tkanina charakteryzuje si\u0119 bardzo du\u017c\u0105 wytrzyma\u0142o\u015bci\u0105 na przetarcia otarcia oraz rozci\u0105ganie. \u015awietnie sprawdza si\u0119 tam gdzie potrzeba lekko\u015bci w po\u0142\u0105czeniu z odporno\u015bci\u0105 na dzia\u0142anie wody oraz uszkodzenia mechaniczne.<\/li>\n<\/ul>\n<\/li>\n \t<li class=\"li1\">Stanowi\u0105 stylowy akcent dekoracyjny i ozdobny ka\u017cdego tarasu altany czy pergoli<span class=\"Apple-converted-space\">\u00a0<\/span><\/li>\n \t<li class=\"li1\">Zas\u0142ony<span class=\"Apple-converted-space\">\u00a0\u00a0<\/span>kt\u00f3re mo\u017cna zam\u00f3wi\u0107 do kompletu chroni\u0105 r\u00f3wnie\u017c przed wiatrem.<\/li>\n \t<li class=\"li1\">Tkanina charakteryzuje si\u0119 bardzo du\u017c\u0105 wytrzyma\u0142o\u015bci\u0105 na przetarcia otarcia oraz rozci\u0105ganie. \u015awietnie sprawdza si\u0119 tam gdzie potrzeba lekko\u015bci w po\u0142\u0105czeniu z odporno\u015bci\u0105 na dzia\u0142anie wody oraz uszkodzenia mechaniczne.<\/li>\n<\/ul>\n<p class=\"p1\"><b>Rolety poziome s\u0105 idealne do zacienienie taras\u00f3w, altan, pergoli oraz balkon\u00f3w.<\/b><\/p>\n<p class=\"p1\"><b>Rolety poziome<\/b> szyjemy na wymiar dla ka\u017cdego klienta. Tkanina typu premium 250 g\/m<sup>2<\/sup> powleczona poliuretanem<span class=\"Apple-converted-space\">\u00a0\u00a0<\/span>przed s\u0142o\u0144cem i deszczem. Sk\u0142ad surowcowy tkaniny to \u2013 poliester 100%. Rolety s\u0105 oferowane wraz z systemem monta\u017cowym do wybranego pod\u0142o\u017ca: drewno, metal lub mur. Poziome przeszycia s\u0105 wykonane co oko\u0142o 28 cm wraz z poziomymi tunelami w kt\u00f3re opcjonalnie wk\u0142adane usztywniaj\u0105ce konstrukcje rurki aluminiowej. Rolety w rozmiarach do 2,5 m szeroko\u015bci nie potrzebuj\u0105 wzmacniania wi\u0119ksze natomiast polecamy zamawia\u0107 wraz ze wzmocnieniem konstrukcji rolety. Roleta jest <b>rozsuwana za pomoc\u0105 pask\u00f3w<\/b>\u00a0przyszytych na ko\u0144cu materia\u0142u.<\/p>\n<p class=\"p1\"><b>Czy wyr\u00f3\u017cniaj\u0105 si\u0119 nasze rolety rzymskie poziome?:\u00a0<\/b><\/p>\n\n<ul class=\"ul1\">\n \t<li class=\"li1\">wykonany s\u0105 z mocnej tkaniny typu premium 250g \/m2<\/li>\n \t<li class=\"li1\"><b>nasze rolety sprzedawane s\u0105 wraz z zestawem monta\u017cowym - otrzymujesz gotowy zestaw do monta\u017cu,<\/b><\/li>\n \t<li class=\"li1\">produkt jest obszyty specjalnymi ni\u0107mi, a kraw\u0119dzie\u00a0mocuj\u0105ce zosta\u0142y dodatkowo wzmocnione,<\/li>\n \t<li class=\"li1\">4 kolory do wyboru: kremowy, jasny popiel, jasny szary, szary dost\u0119pne od r\u0119ki oraz ponad 40 kolor\u00f3w dost\u0119pnych na zam\u00f3wienie,<\/li>\n \t<li class=\"li1\">Mo\u017cliwo\u015b\u0107 podzielenia 1 obszaru rolety na kilka cz\u0119\u015bci celem pe\u0142nego zarz\u0105dzania s\u0142o\u0144cem na tarasie,<\/li>\n \t<li class=\"li1\">mo\u017cliwo\u015b\u0107 \u0142atwego rozsuwania i zsuwania,<\/li>\n \t<li class=\"li1\">ochrona przed promieniowaniem UV i wiatrem,<\/li>\n \t<li class=\"li1\">mo\u017cliwo\u015b\u0107 prania w pralce automatycznej,<\/li>\n \t<li class=\"li1\">presti\u017cowy i nowoczesny wygl\u0105d,<\/li>\n \t<li class=\"li1\">wyprodukowany r\u0119cznie w Polsce,<\/li>\n \t<li class=\"li1\">du\u017ca odporno\u015b\u0107 na czynniki zewn\u0119trzne \u2013 deszcz, wiatr, promieniowanie UV,<\/li>\n \t<li class=\"li1\">\u0142atwo\u015b\u0107 i szybko\u015b\u0107 monta\u017cu, demonta\u017cu.<\/li>\n<\/ul>\n<p class=\"p1\"><b>Jak zam\u00f3wi\u0107 rol\u0119 rzymsk\u0105 na wymiar ?<\/b><\/p>\n\n<ol class=\"ol1\">\n \t<li class=\"li1\">Wybierz kolor.<\/li>\n \t<li class=\"li1\">Wybierz szeroko\u015b\u0107.<\/li>\n \t<li class=\"li1\">Wybierz d\u0142ugo\u015b\u0107 (kierunek w kt\u00f3rym b\u0119dzie si\u0119 rozsuwa\u0142 materia\u0142).<\/li>\n \t<li class=\"li1\">Mo\u017cesz do\u0142\u0105czy\u0107 specyfikacj\u0119\/wz\u00f3r\/zdj\u0119cie, kt\u00f3re pomo\u017ce nam w realizacji zam\u00f3wienia.<\/li>\n<\/ol>","_et_gb_content_width":""},"product_brand":[],"product_cat":[23],"product_tag":[27,44,26,28],"class_list":{"0":"post-1650","1":"product","2":"type-product","3":"status-publish","4":"has-post-thumbnail","6":"product_cat-bez-kategorii","7":"product_tag-pozioma","8":"product_tag-premium","9":"product_tag-roleta","10":"product_tag-rzymska","12":"first","13":"instock","14":"shipping-taxable","15":"purchasable","16":"product-type-variable"},"yoast_head":"<!-- This site is optimized with the Yoast SEO plugin v27.2 - https:\/\/yoast.com\/product\/yoast-seo-wordpress\/ -->\n<title>Zas\u0142ony tarasowe na wymiar premium - Rolety tarasowe rozwijane rozsuwane dachy firma Level Rafa\u0142 Krymski<\/title>\n<meta name=\"robots\" content=\"index, follow, max-snippet:-1, max-image-preview:large, max-video-preview:-1\" \/>\n<link rel=\"canonical\" href=\"https:\/\/roletytarasowe.pl\/en\/product\/zaslony-tarasowe-na-wymiar-premium\/\" \/>\n<meta property=\"og:locale\" content=\"en_GB\" \/>\n<meta property=\"og:type\" content=\"article\" \/>\n<meta property=\"og:title\" content=\"Zas\u0142ony tarasowe na wymiar premium - Rolety tarasowe rozwijane rozsuwane dachy firma Level Rafa\u0142 Krymski\" \/>\n<meta property=\"og:description\" content=\"Zas\u0142ona tarasowa ogrodowa premium na wymiar   Chroni\u0105 przed promieniami s\u0142onecznymi UV  Chroni\u0105 przed deszczem \u00a0  Wodoodporne  Zas\u0142ony daj\u0105 uczucie przyjemnego ch\u0142odu,  Dzi\u0119ki funkcj\u0119 zwijania i rozwijania pozwalaj\u0105 dostosowa\u0107 si\u0119 do sytuacji pogodowej  Stanowi\u0105 stylowy akcent dekoracyjny i ozdobny ka\u017cdego tarasu altany czy pergoli\u00a0  Tkanina charakteryzuje si\u0119 bardzo du\u017c\u0105 wytrzyma\u0142o\u015bci\u0105 na przetarcia otarcia oraz rozci\u0105ganie. \u015awietnie sprawdza si\u0119 tam gdzie potrzeba lekko\u015bci w po\u0142\u0105czeniu z odporno\u015bci\u0105 na dzia\u0142anie wody oraz uszkodzenia mechaniczne.\" \/>\n<meta property=\"og:url\" content=\"https:\/\/roletytarasowe.pl\/en\/product\/zaslony-tarasowe-na-wymiar-premium\/\" \/>\n<meta property=\"og:site_name\" content=\"Rolety tarasowe rozwijane rozsuwane dachy firma Level Rafa\u0142 Krymski\" \/>\n<meta property=\"og:image\" content=\"https:\/\/roletytarasowe.pl\/wp-content\/uploads\/2023\/05\/roleta-rzymska-pozioma-premium-1.jpeg\" \/>\n\t<meta property=\"og:image:width\" content=\"600\" \/>\n\t<meta property=\"og:image:height\" content=\"600\" \/>\n\t<meta property=\"og:image:type\" content=\"image\/jpeg\" \/>\n<meta name=\"twitter:card\" content=\"summary_large_image\" \/>\n<meta name=\"twitter:label1\" content=\"Estimated reading time\" \/>\n\t<meta name=\"twitter:data1\" content=\"2 minutes\" \/>\n<script type=\"application\/ld+json\" class=\"yoast-schema-graph\">{\"@context\":\"https:\/\/schema.org\",\"@graph\":[{\"@type\":\"WebPage\",\"@id\":\"https:\/\/roletytarasowe.pl\/produkt\/zaslony-tarasowe-na-wymiar-premium\/\",\"url\":\"https:\/\/roletytarasowe.pl\/produkt\/zaslony-tarasowe-na-wymiar-premium\/\",\"name\":\"Zas\u0142ony tarasowe na wymiar premium - Rolety tarasowe rozwijane rozsuwane dachy firma Level Rafa\u0142 Krymski\",\"isPartOf\":{\"@id\":\"https:\/\/roletytarasowe.pl\/#website\"},\"primaryImageOfPage\":{\"@id\":\"https:\/\/roletytarasowe.pl\/produkt\/zaslony-tarasowe-na-wymiar-premium\/#primaryimage\"},\"image\":{\"@id\":\"https:\/\/roletytarasowe.pl\/produkt\/zaslony-tarasowe-na-wymiar-premium\/#primaryimage\"},\"thumbnailUrl\":\"https:\/\/roletytarasowe.pl\/wp-content\/uploads\/2023\/05\/roleta-rzymska-pozioma-premium-1.jpeg\",\"datePublished\":\"2024-05-17T11:52:28+00:00\",\"breadcrumb\":{\"@id\":\"https:\/\/roletytarasowe.pl\/produkt\/zaslony-tarasowe-na-wymiar-premium\/#breadcrumb\"},\"inLanguage\":\"en-GB\",\"potentialAction\":[{\"@type\":\"ReadAction\",\"target\":[\"https:\/\/roletytarasowe.pl\/produkt\/zaslony-tarasowe-na-wymiar-premium\/\"]}]},{\"@type\":\"ImageObject\",\"inLanguage\":\"en-GB\",\"@id\":\"https:\/\/roletytarasowe.pl\/produkt\/zaslony-tarasowe-na-wymiar-premium\/#primaryimage\",\"url\":\"https:\/\/roletytarasowe.pl\/wp-content\/uploads\/2023\/05\/roleta-rzymska-pozioma-premium-1.jpeg\",\"contentUrl\":\"https:\/\/roletytarasowe.pl\/wp-content\/uploads\/2023\/05\/roleta-rzymska-pozioma-premium-1.jpeg\",\"width\":600,\"height\":600,\"caption\":\"Roleta rzymska pozioma premium\"},{\"@type\":\"BreadcrumbList\",\"@id\":\"https:\/\/roletytarasowe.pl\/produkt\/zaslony-tarasowe-na-wymiar-premium\/#breadcrumb\",\"itemListElement\":[{\"@type\":\"ListItem\",\"position\":1,\"name\":\"Strona g\u0142\u00f3wna\",\"item\":\"https:\/\/roletytarasowe.pl\/\"},{\"@type\":\"ListItem\",\"position\":2,\"name\":\"Sklep\",\"item\":\"https:\/\/roletytarasowe.pl\/sklep\/\"},{\"@type\":\"ListItem\",\"position\":3,\"name\":\"Zas\u0142ony tarasowe na wymiar premium\"}]},{\"@type\":\"WebSite\",\"@id\":\"https:\/\/roletytarasowe.pl\/#website\",\"url\":\"https:\/\/roletytarasowe.pl\/\",\"name\":\"Rolety poziome rzymskie rozwijane rozsuwane dachy pergotendy\",\"description\":\"Rolety tarasowe rozwijane rozsuwane dachy firma Level Rafa\u0142 Krymski\",\"publisher\":{\"@id\":\"https:\/\/roletytarasowe.pl\/#organization\"},\"potentialAction\":[{\"@type\":\"SearchAction\",\"target\":{\"@type\":\"EntryPoint\",\"urlTemplate\":\"https:\/\/roletytarasowe.pl\/?s={search_term_string}\"},\"query-input\":{\"@type\":\"PropertyValueSpecification\",\"valueRequired\":true,\"valueName\":\"search_term_string\"}}],\"inLanguage\":\"en-GB\"},{\"@type\":\"Organization\",\"@id\":\"https:\/\/roletytarasowe.pl\/#organization\",\"name\":\"Rolety poziome rzymskie przesuwane zadaszenia\",\"url\":\"https:\/\/roletytarasowe.pl\/\",\"logo\":{\"@type\":\"ImageObject\",\"inLanguage\":\"en-GB\",\"@id\":\"https:\/\/roletytarasowe.pl\/#\/schema\/logo\/image\/\",\"url\":\"https:\/\/roletytarasowe.pl\/wp-content\/uploads\/2022\/04\/Logo-roletytarasowe.pl_.png\",\"contentUrl\":\"https:\/\/roletytarasowe.pl\/wp-content\/uploads\/2022\/04\/Logo-roletytarasowe.pl_.png\",\"width\":500,\"height\":500,\"caption\":\"Rolety poziome rzymskie przesuwane zadaszenia\"},\"image\":{\"@id\":\"https:\/\/roletytarasowe.pl\/#\/schema\/logo\/image\/\"}}]}<\/script>\n<!-- \/ Yoast SEO plugin. -->","yoast_head_json":{"title":"Zas\u0142ony tarasowe na wymiar premium - Rolety tarasowe rozwijane rozsuwane dachy firma Level Rafa\u0142 Krymski","robots":{"index":"index","follow":"follow","max-snippet":"max-snippet:-1","max-image-preview":"max-image-preview:large","max-video-preview":"max-video-preview:-1"},"canonical":"https:\/\/roletytarasowe.pl\/en\/product\/zaslony-tarasowe-na-wymiar-premium\/","og_locale":"en_GB","og_type":"article","og_title":"Zas\u0142ony tarasowe na wymiar premium - Rolety tarasowe rozwijane rozsuwane dachy firma Level Rafa\u0142 Krymski","og_description":"Zas\u0142ona tarasowa ogrodowa premium na wymiar   Chroni\u0105 przed promieniami s\u0142onecznymi UV  Chroni\u0105 przed deszczem \u00a0  Wodoodporne  Zas\u0142ony daj\u0105 uczucie przyjemnego ch\u0142odu,  Dzi\u0119ki funkcj\u0119 zwijania i rozwijania pozwalaj\u0105 dostosowa\u0107 si\u0119 do sytuacji pogodowej  Stanowi\u0105 stylowy akcent dekoracyjny i ozdobny ka\u017cdego tarasu altany czy pergoli\u00a0  Tkanina charakteryzuje si\u0119 bardzo du\u017c\u0105 wytrzyma\u0142o\u015bci\u0105 na przetarcia otarcia oraz rozci\u0105ganie. \u015awietnie sprawdza si\u0119 tam gdzie potrzeba lekko\u015bci w po\u0142\u0105czeniu z odporno\u015bci\u0105 na dzia\u0142anie wody oraz uszkodzenia mechaniczne.","og_url":"https:\/\/roletytarasowe.pl\/en\/product\/zaslony-tarasowe-na-wymiar-premium\/","og_site_name":"Rolety tarasowe rozwijane rozsuwane dachy firma Level Rafa\u0142 Krymski","og_image":[{"width":600,"height":600,"url":"https:\/\/roletytarasowe.pl\/wp-content\/uploads\/2023\/05\/roleta-rzymska-pozioma-premium-1.jpeg","type":"image\/jpeg"}],"twitter_card":"summary_large_image","twitter_misc":{"Estimated reading time":"2 minutes"},"schema":{"@context":"https:\/\/schema.org","@graph":[{"@type":"WebPage","@id":"https:\/\/roletytarasowe.pl\/produkt\/zaslony-tarasowe-na-wymiar-premium\/","url":"https:\/\/roletytarasowe.pl\/produkt\/zaslony-tarasowe-na-wymiar-premium\/","name":"Zas\u0142ony tarasowe na wymiar premium - Rolety tarasowe rozwijane rozsuwane dachy firma Level Rafa\u0142 Krymski","isPartOf":{"@id":"https:\/\/roletytarasowe.pl\/#website"},"primaryImageOfPage":{"@id":"https:\/\/roletytarasowe.pl\/produkt\/zaslony-tarasowe-na-wymiar-premium\/#primaryimage"},"image":{"@id":"https:\/\/roletytarasowe.pl\/produkt\/zaslony-tarasowe-na-wymiar-premium\/#primaryimage"},"thumbnailUrl":"https:\/\/roletytarasowe.pl\/wp-content\/uploads\/2023\/05\/roleta-rzymska-pozioma-premium-1.jpeg","datePublished":"2024-05-17T11:52:28+00:00","breadcrumb":{"@id":"https:\/\/roletytarasowe.pl\/produkt\/zaslony-tarasowe-na-wymiar-premium\/#breadcrumb"},"inLanguage":"en-GB","potentialAction":[{"@type":"ReadAction","target":["https:\/\/roletytarasowe.pl\/produkt\/zaslony-tarasowe-na-wymiar-premium\/"]}]},{"@type":"ImageObject","inLanguage":"en-GB","@id":"https:\/\/roletytarasowe.pl\/produkt\/zaslony-tarasowe-na-wymiar-premium\/#primaryimage","url":"https:\/\/roletytarasowe.pl\/wp-content\/uploads\/2023\/05\/roleta-rzymska-pozioma-premium-1.jpeg","contentUrl":"https:\/\/roletytarasowe.pl\/wp-content\/uploads\/2023\/05\/roleta-rzymska-pozioma-premium-1.jpeg","width":600,"height":600,"caption":"Roleta rzymska pozioma premium"},{"@type":"BreadcrumbList","@id":"https:\/\/roletytarasowe.pl\/produkt\/zaslony-tarasowe-na-wymiar-premium\/#breadcrumb","itemListElement":[{"@type":"ListItem","position":1,"name":"Strona g\u0142\u00f3wna","item":"https:\/\/roletytarasowe.pl\/"},{"@type":"ListItem","position":2,"name":"Sklep","item":"https:\/\/roletytarasowe.pl\/sklep\/"},{"@type":"ListItem","position":3,"name":"Zas\u0142ony tarasowe na wymiar premium"}]},{"@type":"WebSite","@id":"https:\/\/roletytarasowe.pl\/#website","url":"https:\/\/roletytarasowe.pl\/","name":"Rolety poziome rzymskie rozwijane rozsuwane dachy pergotendy","description":"Rolety tarasowe rozwijane rozsuwane dachy firma Level Rafa\u0142 Krymski","publisher":{"@id":"https:\/\/roletytarasowe.pl\/#organization"},"potentialAction":[{"@type":"SearchAction","target":{"@type":"EntryPoint","urlTemplate":"https:\/\/roletytarasowe.pl\/?s={search_term_string}"},"query-input":{"@type":"PropertyValueSpecification","valueRequired":true,"valueName":"search_term_string"}}],"inLanguage":"en-GB"},{"@type":"Organization","@id":"https:\/\/roletytarasowe.pl\/#organization","name":"Rolety poziome rzymskie przesuwane zadaszenia","url":"https:\/\/roletytarasowe.pl\/","logo":{"@type":"ImageObject","inLanguage":"en-GB","@id":"https:\/\/roletytarasowe.pl\/#\/schema\/logo\/image\/","url":"https:\/\/roletytarasowe.pl\/wp-content\/uploads\/2022\/04\/Logo-roletytarasowe.pl_.png","contentUrl":"https:\/\/roletytarasowe.pl\/wp-content\/uploads\/2022\/04\/Logo-roletytarasowe.pl_.png","width":500,"height":500,"caption":"Rolety poziome rzymskie przesuwane zadaszenia"},"image":{"@id":"https:\/\/roletytarasowe.pl\/#\/schema\/logo\/image\/"}}]}},"_links":{"self":[{"href":"https:\/\/roletytarasowe.pl\/en\/wp-json\/wp\/v2\/product\/1650","targetHints":{"allow":["GET"]}}],"collection":[{"href":"https:\/\/roletytarasowe.pl\/en\/wp-json\/wp\/v2\/product"}],"about":[{"href":"https:\/\/roletytarasowe.pl\/en\/wp-json\/wp\/v2\/types\/product"}],"wp:featuredmedia":[{"embeddable":true,"href":"https:\/\/roletytarasowe.pl\/en\/wp-json\/wp\/v2\/media\/1430"}],"wp:attachment":[{"href":"https:\/\/roletytarasowe.pl\/en\/wp-json\/wp\/v2\/media?parent=1650"}],"wp:term":[{"taxonomy":"product_brand","embeddable":true,"href":"https:\/\/roletytarasowe.pl\/en\/wp-json\/wp\/v2\/product_brand?post=1650"},{"taxonomy":"product_cat","embeddable":true,"href":"https:\/\/roletytarasowe.pl\/en\/wp-json\/wp\/v2\/product_cat?post=1650"},{"taxonomy":"product_tag","embeddable":true,"href":"https:\/\/roletytarasowe.pl\/en\/wp-json\/wp\/v2\/product_tag?post=1650"}],"curies":[{"name":"wp","href":"https:\/\/api.w.org\/{rel}","templated":true}]}}