{"id":108,"date":"2020-05-11T11:54:34","date_gmt":"2020-05-11T11:54:34","guid":{"rendered":"https:\/\/roletytarasowe.pl\/?page_id=108"},"modified":"2023-05-20T11:23:10","modified_gmt":"2023-05-20T11:23:10","slug":"galeria","status":"publish","type":"page","link":"https:\/\/roletytarasowe.pl\/en\/gallery\/","title":{"rendered":"Gallery"},"content":{"rendered":"<p>[et_pb_section fb_built=&#8221;1&#8243; admin_label=&#8221;Header&#8221; _builder_version=&#8221;4.15.1&#8243; background_color_gradient_start=&#8221;rgba(31,31,38,0.88)&#8221; background_color_gradient_end=&#8221;rgba(31,31,38,0.24)&#8221; background_image=&#8221;https:\/\/roletytarasowe.pl\/wp-content\/uploads\/2023\/05\/ROLETYTARASOWE.PL_.jpg&#8221; custom_margin=&#8221;-7px||||false|false&#8221; custom_padding=&#8221;7vw||0px||false|false&#8221; hover_enabled=&#8221;0&#8243; global_colors_info=&#8221;{}&#8221; title_text=&#8221;ROLETYTARASOWE.PL_&#8221; sticky_enabled=&#8221;0&#8243;][et_pb_row custom_padding_last_edited=&#8221;on|desktop&#8221; _builder_version=&#8221;4.15.1&#8243; use_background_color_gradient=&#8221;on&#8221; background_color_gradient_start=&#8221;rgba(67,78,92,0.32)&#8221; background_color_gradient_end=&#8221;rgba(31,31,38,0.71)&#8221; background_color_gradient_overlays_image=&#8221;on&#8221; background_image=&#8221;https:\/\/roletytarasowe.pl\/wp-content\/uploads\/2022\/05\/Rolety_poziome_rozsuwane_zadaszenia_tarasowe_31-scaled.jpg&#8221; width=&#8221;90%&#8221; max_width=&#8221;none&#8221; module_alignment=&#8221;left&#8221; custom_margin_tablet=&#8221;|auto||0px|false|false&#8221; custom_margin_last_edited=&#8221;off|desktop&#8221; custom_padding=&#8221;10vw|20px|18vw|20px|false|true&#8221; custom_padding_tablet=&#8221;16vw||16vw||true|false&#8221; custom_padding_phone=&#8221;||||false|false&#8221; border_color_all=&#8221;#1f1f26&#8243; border_width_right=&#8221;8vw&#8221; locked=&#8221;off&#8221; global_colors_info=&#8221;{}&#8221;][et_pb_column type=&#8221;4_4&#8243; _builder_version=&#8221;4.15.1&#8243; global_colors_info=&#8221;{}&#8221;][et_pb_text _builder_version=&#8221;4.15.1&#8243; header_font=&#8221;Prata||||||||&#8221; header_text_align=&#8221;center&#8221; header_font_size=&#8221;120px&#8221; header_line_height=&#8221;1.2em&#8221; background_layout=&#8221;dark&#8221; header_font_size_tablet=&#8221;60px&#8221; header_font_size_phone=&#8221;35px&#8221; header_font_size_last_edited=&#8221;on|phone&#8221; global_colors_info=&#8221;{}&#8221;]<\/p>\n<h1>Gallery<\/h1>\n<p>[\/et_pb_text][\/et_pb_column][\/et_pb_row][et_pb_row column_structure=&#8221;1_2,1_2&#8243; make_equal=&#8221;on&#8221; _builder_version=&#8221;4.15&#8243; positioning=&#8221;absolute&#8221; position_origin_a=&#8221;bottom_left&#8221; position_origin_a_tablet=&#8221;&#8221; position_origin_a_phone=&#8221;&#8221; position_origin_a_last_edited=&#8221;on|desktop&#8221; position_origin_f_tablet=&#8221;&#8221; position_origin_f_phone=&#8221;&#8221; position_origin_f_last_edited=&#8221;on|desktop&#8221; position_origin_r_tablet=&#8221;&#8221; position_origin_r_phone=&#8221;&#8221; position_origin_r_last_edited=&#8221;on|desktop&#8221; width=&#8221;90%&#8221; max_width=&#8221;none&#8221; custom_margin=&#8221;|auto||0px|false|false&#8221; custom_padding=&#8221;0px||0px|10vw|true|false&#8221; positioning_tablet=&#8221;none&#8221; positioning_phone=&#8221;&#8221; positioning_last_edited=&#8221;on|tablet&#8221; box_shadow_style=&#8221;preset4&#8243; box_shadow_horizontal=&#8221;30vw&#8221; box_shadow_vertical=&#8221;0px&#8221; box_shadow_color=&#8221;#ffffff&#8221; locked=&#8221;off&#8221; global_colors_info=&#8221;{}&#8221;][et_pb_column type=&#8221;1_2&#8243; _builder_version=&#8221;4.15&#8243; custom_padding=&#8221;||||false|false&#8221; global_colors_info=&#8221;{}&#8221;][\/et_pb_column][et_pb_column type=&#8221;1_2&#8243; _builder_version=&#8221;4.15&#8243; background_color=&#8221;#bea88f&#8221; custom_padding=&#8221;60px|4%|60px|4%|true|true&#8221; global_colors_info=&#8221;{}&#8221;][et_pb_text _builder_version=&#8221;4.15.1&#8243; header_3_font=&#8221;Prata||||||||&#8221; header_3_font_size=&#8221;30px&#8221; header_3_line_height=&#8221;1.3em&#8221; background_layout=&#8221;dark&#8221; custom_margin=&#8221;||4px||false|false&#8221; header_3_font_size_tablet=&#8221;22px&#8221; header_3_font_size_phone=&#8221;20px&#8221; header_3_font_size_last_edited=&#8221;on|phone&#8221; locked=&#8221;off&#8221; global_colors_info=&#8221;{}&#8221;]<\/p>\n<h3>Do you have any questions?\u00a0<\/h3>\n<p>[\/et_pb_text][et_pb_button button_url=&#8221;tel:+48791333163&#8243; button_text=&#8221;ZADZWO\u0143&#8221; _builder_version=&#8221;4.15.1&#8243; custom_button=&#8221;on&#8221; button_text_size=&#8221;12px&#8221; button_bg_color=&#8221;rgba(0,0,0,0)&#8221; button_border_width=&#8221;0px&#8221; button_border_radius=&#8221;0px&#8221; button_letter_spacing=&#8221;2.6px&#8221; button_font=&#8221;|700||on|||||&#8221; background_layout=&#8221;dark&#8221; custom_margin=&#8221;||||false|false&#8221; custom_padding=&#8221;|||0px|false|false&#8221; global_colors_info=&#8221;{}&#8221;][\/et_pb_button][\/et_pb_column][\/et_pb_row][\/et_pb_section][et_pb_section fb_built=&#8221;1&#8243; _builder_version=&#8221;4.15.1&#8243; _module_preset=&#8221;default&#8221; custom_padding=&#8221;||31px|||&#8221; global_colors_info=&#8221;{}&#8221;][et_pb_row _builder_version=&#8221;4.15.1&#8243; _module_preset=&#8221;default&#8221; global_colors_info=&#8221;{}&#8221;][et_pb_column type=&#8221;4_4&#8243; _builder_version=&#8221;4.15.1&#8243; _module_preset=&#8221;default&#8221; global_colors_info=&#8221;{}&#8221;][et_pb_text _builder_version=&#8221;4.15.1&#8243; header_2_font=&#8221;Prata||||||||&#8221; header_2_text_color=&#8221;#000000&#8243; header_2_font_size=&#8221;60px&#8221; header_2_line_height=&#8221;1.6em&#8221; header_4_font=&#8221;|700||on|||||&#8221; header_4_text_color=&#8221;#bea88f&#8221; header_4_font_size=&#8221;12px&#8221; header_4_letter_spacing=&#8221;2.6px&#8221; header_4_line_height=&#8221;1.6em&#8221; text_orientation=&#8221;center&#8221; background_layout=&#8221;dark&#8221; header_2_font_size_tablet=&#8221;24px&#8221; header_2_font_size_phone=&#8221;22px&#8221; header_2_font_size_last_edited=&#8221;on|phone&#8221; locked=&#8221;off&#8221; global_colors_info=&#8221;{}&#8221;]<\/p>\n<h4>GALLERY<\/h4>\n<h2>Our projects<\/h2>\n<p>[\/et_pb_text][\/et_pb_column][\/et_pb_row][\/et_pb_section][et_pb_section fb_built=&#8221;1&#8243; _builder_version=&#8221;4.15.1&#8243; _module_preset=&#8221;default&#8221; custom_padding=&#8221;23px|||||&#8221; global_colors_info=&#8221;{}&#8221;][et_pb_row _builder_version=&#8221;4.15.1&#8243; _module_preset=&#8221;default&#8221; width=&#8221;80.9%&#8221; global_colors_info=&#8221;{}&#8221;][et_pb_column type=&#8221;4_4&#8243; _builder_version=&#8221;4.15.1&#8243; _module_preset=&#8221;default&#8221; global_colors_info=&#8221;{}&#8221;][et_pb_gallery gallery_ids=&#8221;750,749,748,752,746,747,745,757,759,761,762,743,739,737,735,734,733,732,731,730,728,725,707,462,461,460,459,316,332,331,943,944,945,946,947,948,949&#8243; posts_number=&#8221;200&#8243; orientation=&#8221;portrait&#8221; show_title_and_caption=&#8221;off&#8221; zoom_icon_color=&#8221;rgba(0,0,0,0.39)&#8221; hover_icon=&#8221;&#x3d;||divi||400&#8243; _builder_version=&#8221;4.15.1&#8243; _module_preset=&#8221;default&#8221; border_radii_image=&#8221;off|2px||100px|&#8221; box_shadow_style_image=&#8221;preset2&#8243; box_shadow_horizontal_image=&#8221;3px&#8221; box_shadow_blur_image=&#8221;30px&#8221; global_colors_info=&#8221;{}&#8221;][\/et_pb_gallery][\/et_pb_column][\/et_pb_row][\/et_pb_section][et_pb_section fb_built=&#8221;1&#8243; admin_label=&#8221;Footer&#8221; _builder_version=&#8221;4.15.1&#8243; use_background_color_gradient=&#8221;on&#8221; background_color_gradient_start=&#8221;#1f1f26&#8243; background_color_gradient_end=&#8221;rgba(31,31,38,0.71)&#8221; background_color_gradient_overlays_image=&#8221;on&#8221; background_image=&#8221;https:\/\/roletytarasowe.pl\/wp-content\/uploads\/2022\/05\/Rolety_poziome_rozsuwane_zadaszenia_tarasowe_47-scaled.jpg&#8221; parallax=&#8221;on&#8221; custom_margin=&#8221;|-165px|||false|false&#8221; custom_padding=&#8221;0vw||0px||false|false&#8221; global_module=&#8221;806&#8243; saved_tabs=&#8221;all&#8221; locked=&#8221;off&#8221; global_colors_info=&#8221;{}&#8221;][et_pb_row column_structure=&#8221;1_3,1_3,1_3&#8243; admin_label=&#8221;Footer&#8221; _builder_version=&#8221;4.15&#8243; custom_padding=&#8221;0px||0px|||&#8221; box_shadow_style=&#8221;preset4&#8243; box_shadow_horizontal=&#8221;30vw&#8221; box_shadow_vertical=&#8221;0px&#8221; box_shadow_color=&#8221;#ffffff&#8221; global_colors_info=&#8221;{}&#8221;][et_pb_column type=&#8221;1_3&#8243; _builder_version=&#8221;4.15&#8243; custom_padding=&#8221;100px||||false|false&#8221; custom_padding_tablet=&#8221;|20px|||false|false&#8221; custom_padding_phone=&#8221;&#8221; custom_padding_last_edited=&#8221;on|phone&#8221; global_colors_info=&#8221;{}&#8221;][et_pb_text _builder_version=&#8221;4.15.1&#8243; header_2_font=&#8221;Prata||||||||&#8221; header_2_font_size=&#8221;40px&#8221; header_2_line_height=&#8221;1.6em&#8221; background_layout=&#8221;dark&#8221; header_2_font_size_tablet=&#8221;24px&#8221; header_2_font_size_phone=&#8221;22px&#8221; header_2_font_size_last_edited=&#8221;on|desktop&#8221; locked=&#8221;off&#8221; global_colors_info=&#8221;{}&#8221;]<\/p>\n<h2>Contact.<\/h2>\n<p>[\/et_pb_text][et_pb_text _builder_version=&#8221;4.15.1&#8243; text_font=&#8221;Prata||||||||&#8221; text_font_size=&#8221;22px&#8221; text_line_height=&#8221;1.8em&#8221; link_text_color=&#8221;#bea88f&#8221; header_4_font=&#8221;Open Sans|700||on|||||&#8221; header_4_font_size=&#8221;12px&#8221; header_4_letter_spacing=&#8221;2.6px&#8221; header_4_line_height=&#8221;1.6em&#8221; background_layout=&#8221;dark&#8221; max_width=&#8221;300%&#8221; custom_margin=&#8221;|-28px|||false|false&#8221; custom_margin_phone=&#8221;60px||||false|false&#8221; custom_margin_last_edited=&#8221;off|phone&#8221; custom_padding=&#8221;|0px||||&#8221; text_font_size_tablet=&#8221;18px&#8221; text_font_size_phone=&#8221;16px&#8221; text_font_size_last_edited=&#8221;on|phone&#8221; link_font_size_tablet=&#8221;20px&#8221; link_font_size_last_edited=&#8221;off|desktop&#8221; locked=&#8221;off&#8221; global_colors_info=&#8221;{}&#8221; text_font_size__hover_enabled=&#8221;off|desktop&#8221;]<\/p>\n<h4>Contact phone numbers<\/h4>\n<p><a href=\"tel: 48 791333163\">791 333 163 <\/a>|\u00a0 <a href=\"tel: 48 606780 369\">606 780 369<\/a><\/p>\n<p>[\/et_pb_text][et_pb_text _builder_version=&#8221;4.15.1&#8243; text_font=&#8221;Prata||||||||&#8221; text_font_size=&#8221;22px&#8221; text_line_height=&#8221;1.8em&#8221; link_text_color=&#8221;#bea88f&#8221; header_4_font=&#8221;Open Sans|700||on|||||&#8221; header_4_font_size=&#8221;12px&#8221; header_4_letter_spacing=&#8221;2.6px&#8221; header_4_line_height=&#8221;1.6em&#8221; background_layout=&#8221;dark&#8221; max_width=&#8221;300%&#8221; custom_margin=&#8221;|-28px|||false|false&#8221; custom_margin_phone=&#8221;60px||||false|false&#8221; custom_margin_last_edited=&#8221;off|phone&#8221; custom_padding=&#8221;|0px||||&#8221; text_font_size_tablet=&#8221;18px&#8221; text_font_size_phone=&#8221;16px&#8221; text_font_size_last_edited=&#8221;on|phone&#8221; link_font_size_tablet=&#8221;20px&#8221; link_font_size_last_edited=&#8221;off|desktop&#8221; locked=&#8221;off&#8221; global_colors_info=&#8221;{}&#8221; text_font_size__hover_enabled=&#8221;off|desktop&#8221;]<\/p>\n<h4>Contact email<\/h4>\n<p><a href=\"mailto:biuro@roletytarasowe.pl\">biuro@roletytarasowe.pl<\/a><\/p>\n<p>[\/et_pb_text][et_pb_text _builder_version=&#8221;4.15.1&#8243; text_font=&#8221;Prata||||||||&#8221; text_font_size=&#8221;22px&#8221; text_line_height=&#8221;1.8em&#8221; link_text_color=&#8221;#bea88f&#8221; header_4_font=&#8221;Open Sans|700||on|||||&#8221; header_4_font_size=&#8221;12px&#8221; header_4_letter_spacing=&#8221;2.6px&#8221; header_4_line_height=&#8221;1.6em&#8221; background_layout=&#8221;dark&#8221; max_width=&#8221;300%&#8221; custom_margin=&#8221;|-28px|||false|false&#8221; custom_padding=&#8221;|0px||||&#8221; text_font_size_tablet=&#8221;18px&#8221; text_font_size_phone=&#8221;16px&#8221; text_font_size_last_edited=&#8221;on|phone&#8221; locked=&#8221;off&#8221; global_colors_info=&#8221;{}&#8221;]<\/p>\n<h4>Business<\/h4>\n<p><span style=\"color: #bea88f;\">LEVEL Rafa\u0142 Krymski<\/span><br \/><span style=\"color: #bea88f;\">NIP 583 277 88 76<\/span><\/p>\n<p>[\/et_pb_text][et_pb_text _builder_version=&#8221;4.15.1&#8243; text_font=&#8221;Prata||||||||&#8221; text_font_size=&#8221;22px&#8221; text_line_height=&#8221;1.8em&#8221; link_text_color=&#8221;#bea88f&#8221; header_4_font=&#8221;Open Sans|700||on|||||&#8221; header_4_font_size=&#8221;12px&#8221; header_4_letter_spacing=&#8221;2.6px&#8221; header_4_line_height=&#8221;1.6em&#8221; background_layout=&#8221;dark&#8221; max_width=&#8221;300%&#8221; custom_margin=&#8221;|-28px|||false|false&#8221; custom_margin_phone=&#8221;60px||||false|false&#8221; custom_margin_last_edited=&#8221;off|phone&#8221; custom_padding=&#8221;|0px||||&#8221; text_font_size_tablet=&#8221;18px&#8221; text_font_size_phone=&#8221;16px&#8221; text_font_size_last_edited=&#8221;on|phone&#8221; link_font_size_tablet=&#8221;20px&#8221; link_font_size_last_edited=&#8221;off|desktop&#8221; locked=&#8221;off&#8221; global_colors_info=&#8221;{}&#8221; text_font_size__hover_enabled=&#8221;off|desktop&#8221;]<\/p>\n<h4>Office location<\/h4>\n<p><a href=\"https:\/\/goo.gl\/maps\/NH9m24ebZ8GRFzQy9\">\u015awi\u0119tokorzyska 25\/222 Gda\u0144sk\u00a0<\/a><\/p>\n<p>[\/et_pb_text][\/et_pb_column][et_pb_column type=&#8221;1_3&#8243; _builder_version=&#8221;4.15&#8243; background_color=&#8221;#ffffff&#8221; transform_translate=&#8221;1px|0px&#8221; transform_translate_linked=&#8221;off&#8221; custom_padding=&#8221;|60px|60px|60px|false|true&#8221; custom_padding_tablet=&#8221;|0px||30px|false|false&#8221; custom_padding_phone=&#8221;|0px||20px|false|false&#8221; custom_padding_last_edited=&#8221;on|tablet&#8221; global_colors_info=&#8221;{}&#8221;][et_pb_image src=&#8221;https:\/\/roletytarasowe.pl\/wp-content\/uploads\/2022\/05\/Rolety_poziome_rozsuwane_zadaszenia_tarasowe_50-scaled.jpg&#8221; title_text=&#8221;Rolety_poziome_rozsuwane_zadaszenia_tarasowe_50&#8243; _builder_version=&#8221;4.15.1&#8243; custom_margin=&#8221;|-50%|40px|-60px|false|false&#8221; custom_margin_tablet=&#8221;|0px|40px|-30px|false|false&#8221; custom_margin_phone=&#8221;|||-20px|false|false&#8221; custom_margin_last_edited=&#8221;on|phone&#8221; global_colors_info=&#8221;{}&#8221;][\/et_pb_image][et_pb_text _builder_version=&#8221;4.15.1&#8243; header_2_font=&#8221;Prata||||||||&#8221; header_2_line_height=&#8221;1.8em&#8221; custom_margin=&#8221;||0px||false|false&#8221; custom_padding_phone=&#8221;50px|50px|0px|50px|false|true&#8221; custom_padding_last_edited=&#8221;off|desktop&#8221; header_2_font_size_tablet=&#8221;22px&#8221; header_2_font_size_phone=&#8221;20px&#8221; header_2_font_size_last_edited=&#8221;on|phone&#8221; locked=&#8221;off&#8221; global_colors_info=&#8221;{}&#8221;]<\/p>\n<h2>See our works<\/h2>\n<p>[\/et_pb_text][et_pb_button button_url=&#8221;@ET-DC@eyJkeW5hbWljIjp0cnVlLCJjb250ZW50IjoicG9zdF9saW5rX3VybF9wYWdlIiwic2V0dGluZ3MiOnsicG9zdF9pZCI6IjEwOCJ9fQ==@&#8221; button_text=&#8221;Galeria zdj\u0119\u0107&#8221; _builder_version=&#8221;4.15.1&#8243; _dynamic_attributes=&#8221;button_url&#8221; custom_button=&#8221;on&#8221; button_text_size=&#8221;12px&#8221; button_text_color=&#8221;#bea88f&#8221; button_bg_color=&#8221;rgba(0,0,0,0)&#8221; button_border_width=&#8221;0px&#8221; button_border_radius=&#8221;0px&#8221; button_letter_spacing=&#8221;2.6px&#8221; button_font=&#8221;|700||on|||||&#8221; background_layout=&#8221;dark&#8221; custom_margin_phone=&#8221;|50px|50px|50px|false|true&#8221; custom_margin_last_edited=&#8221;off|desktop&#8221; custom_padding=&#8221;|||0px|false|false&#8221; locked=&#8221;off&#8221; global_colors_info=&#8221;{}&#8221; button_bg_color__hover_enabled=&#8221;off|desktop&#8221;][\/et_pb_button][\/et_pb_column][et_pb_column type=&#8221;1_3&#8243; _builder_version=&#8221;4.15.1&#8243; _module_preset=&#8221;default&#8221; global_colors_info=&#8221;{}&#8221;][\/et_pb_column][\/et_pb_row][\/et_pb_section]<\/p>","protected":false},"excerpt":{"rendered":"<p>GaleriaMasz pytania ?\u00a0GALERIA Nasze realizacjeKontakt.Kontaktowe numery telefonu 791 333 163 |\u00a0 606 780 369E-MAIL kontaktowy biuro@roletytarasowe.plFirma LEVEL Rafa\u0142 KrymskiNIP 583 277 88 76Lokalizacja biura \u015awi\u0119tokorzyska 25\/222 Gda\u0144sk\u00a0Zobacz nasze prace<\/p>","protected":false},"author":1,"featured_media":0,"parent":0,"menu_order":0,"comment_status":"closed","ping_status":"closed","template":"","meta":{"_et_pb_use_builder":"on","_et_pb_old_content":"","_et_gb_content_width":"","footnotes":""},"class_list":["post-108","page","type-page","status-publish","hentry"],"yoast_head":"<!-- This site is optimized with the Yoast SEO plugin v27.2 - https:\/\/yoast.com\/product\/yoast-seo-wordpress\/ -->\n<title>Galeria - Rolety tarasowe rozwijane rozsuwane dachy firma Level Rafa\u0142 Krymski<\/title>\n<meta name=\"robots\" content=\"index, follow, max-snippet:-1, max-image-preview:large, max-video-preview:-1\" \/>\n<link rel=\"canonical\" href=\"https:\/\/roletytarasowe.pl\/en\/gallery\/\" \/>\n<meta property=\"og:locale\" content=\"en_GB\" \/>\n<meta property=\"og:type\" content=\"article\" \/>\n<meta property=\"og:title\" content=\"Galeria - Rolety tarasowe rozwijane rozsuwane dachy firma Level Rafa\u0142 Krymski\" \/>\n<meta property=\"og:description\" content=\"GaleriaMasz pytania ?\u00a0GALERIA Nasze realizacjeKontakt.Kontaktowe numery telefonu 791 333 163 |\u00a0 606 780 369E-MAIL kontaktowy biuro@roletytarasowe.plFirma LEVEL Rafa\u0142 KrymskiNIP 583 277 88 76Lokalizacja biura \u015awi\u0119tokorzyska 25\/222 Gda\u0144sk\u00a0Zobacz nasze prace\" \/>\n<meta property=\"og:url\" content=\"https:\/\/roletytarasowe.pl\/en\/gallery\/\" \/>\n<meta property=\"og:site_name\" content=\"Rolety tarasowe rozwijane rozsuwane dachy firma Level Rafa\u0142 Krymski\" \/>\n<meta property=\"article:modified_time\" content=\"2023-05-20T11:23:10+00:00\" \/>\n<meta name=\"twitter:card\" content=\"summary_large_image\" \/>\n<meta name=\"twitter:label1\" content=\"Estimated reading time\" \/>\n\t<meta name=\"twitter:data1\" content=\"2 minutes\" \/>\n<script type=\"application\/ld+json\" class=\"yoast-schema-graph\">{\"@context\":\"https:\/\/schema.org\",\"@graph\":[{\"@type\":\"WebPage\",\"@id\":\"https:\/\/roletytarasowe.pl\/galeria\/\",\"url\":\"https:\/\/roletytarasowe.pl\/galeria\/\",\"name\":\"Galeria - Rolety tarasowe rozwijane rozsuwane dachy firma Level Rafa\u0142 Krymski\",\"isPartOf\":{\"@id\":\"https:\/\/roletytarasowe.pl\/#website\"},\"datePublished\":\"2020-05-11T11:54:34+00:00\",\"dateModified\":\"2023-05-20T11:23:10+00:00\",\"breadcrumb\":{\"@id\":\"https:\/\/roletytarasowe.pl\/galeria\/#breadcrumb\"},\"inLanguage\":\"en-GB\",\"potentialAction\":[{\"@type\":\"ReadAction\",\"target\":[\"https:\/\/roletytarasowe.pl\/galeria\/\"]}]},{\"@type\":\"BreadcrumbList\",\"@id\":\"https:\/\/roletytarasowe.pl\/galeria\/#breadcrumb\",\"itemListElement\":[{\"@type\":\"ListItem\",\"position\":1,\"name\":\"Strona g\u0142\u00f3wna\",\"item\":\"https:\/\/roletytarasowe.pl\/\"},{\"@type\":\"ListItem\",\"position\":2,\"name\":\"Galeria\"}]},{\"@type\":\"WebSite\",\"@id\":\"https:\/\/roletytarasowe.pl\/#website\",\"url\":\"https:\/\/roletytarasowe.pl\/\",\"name\":\"Rolety poziome rzymskie rozwijane rozsuwane dachy pergotendy\",\"description\":\"Rolety tarasowe rozwijane rozsuwane dachy firma Level Rafa\u0142 Krymski\",\"publisher\":{\"@id\":\"https:\/\/roletytarasowe.pl\/#organization\"},\"potentialAction\":[{\"@type\":\"SearchAction\",\"target\":{\"@type\":\"EntryPoint\",\"urlTemplate\":\"https:\/\/roletytarasowe.pl\/?s={search_term_string}\"},\"query-input\":{\"@type\":\"PropertyValueSpecification\",\"valueRequired\":true,\"valueName\":\"search_term_string\"}}],\"inLanguage\":\"en-GB\"},{\"@type\":\"Organization\",\"@id\":\"https:\/\/roletytarasowe.pl\/#organization\",\"name\":\"Rolety poziome rzymskie przesuwane zadaszenia\",\"url\":\"https:\/\/roletytarasowe.pl\/\",\"logo\":{\"@type\":\"ImageObject\",\"inLanguage\":\"en-GB\",\"@id\":\"https:\/\/roletytarasowe.pl\/#\/schema\/logo\/image\/\",\"url\":\"https:\/\/roletytarasowe.pl\/wp-content\/uploads\/2022\/04\/Logo-roletytarasowe.pl_.png\",\"contentUrl\":\"https:\/\/roletytarasowe.pl\/wp-content\/uploads\/2022\/04\/Logo-roletytarasowe.pl_.png\",\"width\":500,\"height\":500,\"caption\":\"Rolety poziome rzymskie przesuwane zadaszenia\"},\"image\":{\"@id\":\"https:\/\/roletytarasowe.pl\/#\/schema\/logo\/image\/\"}}]}<\/script>\n<!-- \/ Yoast SEO plugin. -->","yoast_head_json":{"title":"Galeria - Rolety tarasowe rozwijane rozsuwane dachy firma Level Rafa\u0142 Krymski","robots":{"index":"index","follow":"follow","max-snippet":"max-snippet:-1","max-image-preview":"max-image-preview:large","max-video-preview":"max-video-preview:-1"},"canonical":"https:\/\/roletytarasowe.pl\/en\/gallery\/","og_locale":"en_GB","og_type":"article","og_title":"Galeria - Rolety tarasowe rozwijane rozsuwane dachy firma Level Rafa\u0142 Krymski","og_description":"GaleriaMasz pytania ?\u00a0GALERIA Nasze realizacjeKontakt.Kontaktowe numery telefonu 791 333 163 |\u00a0 606 780 369E-MAIL kontaktowy biuro@roletytarasowe.plFirma LEVEL Rafa\u0142 KrymskiNIP 583 277 88 76Lokalizacja biura \u015awi\u0119tokorzyska 25\/222 Gda\u0144sk\u00a0Zobacz nasze prace","og_url":"https:\/\/roletytarasowe.pl\/en\/gallery\/","og_site_name":"Rolety tarasowe rozwijane rozsuwane dachy firma Level Rafa\u0142 Krymski","article_modified_time":"2023-05-20T11:23:10+00:00","twitter_card":"summary_large_image","twitter_misc":{"Estimated reading time":"2 minutes"},"schema":{"@context":"https:\/\/schema.org","@graph":[{"@type":"WebPage","@id":"https:\/\/roletytarasowe.pl\/galeria\/","url":"https:\/\/roletytarasowe.pl\/galeria\/","name":"Galeria - Rolety tarasowe rozwijane rozsuwane dachy firma Level Rafa\u0142 Krymski","isPartOf":{"@id":"https:\/\/roletytarasowe.pl\/#website"},"datePublished":"2020-05-11T11:54:34+00:00","dateModified":"2023-05-20T11:23:10+00:00","breadcrumb":{"@id":"https:\/\/roletytarasowe.pl\/galeria\/#breadcrumb"},"inLanguage":"en-GB","potentialAction":[{"@type":"ReadAction","target":["https:\/\/roletytarasowe.pl\/galeria\/"]}]},{"@type":"BreadcrumbList","@id":"https:\/\/roletytarasowe.pl\/galeria\/#breadcrumb","itemListElement":[{"@type":"ListItem","position":1,"name":"Strona g\u0142\u00f3wna","item":"https:\/\/roletytarasowe.pl\/"},{"@type":"ListItem","position":2,"name":"Galeria"}]},{"@type":"WebSite","@id":"https:\/\/roletytarasowe.pl\/#website","url":"https:\/\/roletytarasowe.pl\/","name":"Rolety poziome rzymskie rozwijane rozsuwane dachy pergotendy","description":"Rolety tarasowe rozwijane rozsuwane dachy firma Level Rafa\u0142 Krymski","publisher":{"@id":"https:\/\/roletytarasowe.pl\/#organization"},"potentialAction":[{"@type":"SearchAction","target":{"@type":"EntryPoint","urlTemplate":"https:\/\/roletytarasowe.pl\/?s={search_term_string}"},"query-input":{"@type":"PropertyValueSpecification","valueRequired":true,"valueName":"search_term_string"}}],"inLanguage":"en-GB"},{"@type":"Organization","@id":"https:\/\/roletytarasowe.pl\/#organization","name":"Rolety poziome rzymskie przesuwane zadaszenia","url":"https:\/\/roletytarasowe.pl\/","logo":{"@type":"ImageObject","inLanguage":"en-GB","@id":"https:\/\/roletytarasowe.pl\/#\/schema\/logo\/image\/","url":"https:\/\/roletytarasowe.pl\/wp-content\/uploads\/2022\/04\/Logo-roletytarasowe.pl_.png","contentUrl":"https:\/\/roletytarasowe.pl\/wp-content\/uploads\/2022\/04\/Logo-roletytarasowe.pl_.png","width":500,"height":500,"caption":"Rolety poziome rzymskie przesuwane zadaszenia"},"image":{"@id":"https:\/\/roletytarasowe.pl\/#\/schema\/logo\/image\/"}}]}},"_links":{"self":[{"href":"https:\/\/roletytarasowe.pl\/en\/wp-json\/wp\/v2\/pages\/108","targetHints":{"allow":["GET"]}}],"collection":[{"href":"https:\/\/roletytarasowe.pl\/en\/wp-json\/wp\/v2\/pages"}],"about":[{"href":"https:\/\/roletytarasowe.pl\/en\/wp-json\/wp\/v2\/types\/page"}],"author":[{"embeddable":true,"href":"https:\/\/roletytarasowe.pl\/en\/wp-json\/wp\/v2\/users\/1"}],"replies":[{"embeddable":true,"href":"https:\/\/roletytarasowe.pl\/en\/wp-json\/wp\/v2\/comments?post=108"}],"version-history":[{"count":0,"href":"https:\/\/roletytarasowe.pl\/en\/wp-json\/wp\/v2\/pages\/108\/revisions"}],"wp:attachment":[{"href":"https:\/\/roletytarasowe.pl\/en\/wp-json\/wp\/v2\/media?parent=108"}],"curies":[{"name":"wp","href":"https:\/\/api.w.org\/{rel}","templated":true}]}}